{"id":2392,"date":"2024-08-08T18:30:01","date_gmt":"2024-08-08T18:30:01","guid":{"rendered":"https:\/\/fullweldingservices.com\/nuevo\/?page_id=2392"},"modified":"2024-11-08T05:11:55","modified_gmt":"2024-11-08T05:11:55","slug":"servicios","status":"publish","type":"page","link":"https:\/\/fullweldingservices.com\/nuevo\/servicios\/","title":{"rendered":"Servicios"},"content":{"rendered":"\t\t<div data-elementor-type=\"wp-page\" data-elementor-id=\"2392\" class=\"elementor elementor-2392\">\n\t\t\t\t<div class=\"elementor-element elementor-element-8d49eb7 e-flex e-con-boxed e-con e-parent\" data-id=\"8d49eb7\" data-element_type=\"container\">\n\t\t\t\t\t<div class=\"e-con-inner\">\n\t\t\t\t<div class=\"elementor-element elementor-element-31e718d elementor-widget elementor-widget-heading\" data-id=\"31e718d\" data-element_type=\"widget\" data-widget_type=\"heading.default\">\n\t\t\t\t<div class=\"elementor-widget-container\">\n\t\t\t\t\t<h2 class=\"elementor-heading-title elementor-size-default\">Servicios<\/h2>\t\t\t\t<\/div>\n\t\t\t\t<\/div>\n\t\t\t\t\t<\/div>\n\t\t\t\t<\/div>\n\t\t<div class=\"elementor-element elementor-element-6a28c18 e-grid e-con-boxed e-con e-parent\" data-id=\"6a28c18\" data-element_type=\"container\">\n\t\t\t\t\t<div class=\"e-con-inner\">\n\t\t<div class=\"elementor-element elementor-element-5b6d6bc e-con-full e-flex e-con e-child\" data-id=\"5b6d6bc\" data-element_type=\"container\">\n\t\t\t\t<div class=\"elementor-element elementor-element-797ed23 elementor-widget elementor-widget-heading\" data-id=\"797ed23\" data-element_type=\"widget\" data-widget_type=\"heading.default\">\n\t\t\t\t<div class=\"elementor-widget-container\">\n\t\t\t\t\t<h2 class=\"elementor-heading-title elementor-size-default\">Mantenimiento de Equipos<\/h2>\t\t\t\t<\/div>\n\t\t\t\t<\/div>\n\t\t\t\t<div class=\"elementor-element elementor-element-a6298ee elementor-widget elementor-widget-text-editor\" data-id=\"a6298ee\" data-element_type=\"widget\" data-widget_type=\"text-editor.default\">\n\t\t\t\t<div class=\"elementor-widget-container\">\n\t\t\t\t\t\t\t\t\t<p>Gestionamos su proceso de mantenimiento de manera integral para asegurar la m\u00e1xima eficiencia de sus equipos productivos. Nos especializamos en el mantenimiento de una amplia gama de equipos industriales, incluyendo equipos de soldadura en todos los procesos y corte por plasma, equipos automatizados en corte y soldadura, plantas el\u00e9ctricas, compresores port\u00e1tiles y estacionarios, cortadoras, dobladoras, cizallas, troqueladoras, herramientas manuales, puentes gr\u00faas y polipastos. Adem\u00e1s, ofrecemos servicios de calibraci\u00f3n para equipos de soldadura, garantizando precisi\u00f3n y confiabilidad en sus operaciones.<\/p>\t\t\t\t\t\t\t\t<\/div>\n\t\t\t\t<\/div>\n\t\t\t\t<\/div>\n\t\t<div class=\"elementor-element elementor-element-49b8ba2 e-grid e-con-full e-con e-child\" data-id=\"49b8ba2\" data-element_type=\"container\">\n\t\t\t\t<div class=\"elementor-element elementor-element-b85d5c5 elementor-widget elementor-widget-image\" data-id=\"b85d5c5\" data-element_type=\"widget\" data-widget_type=\"image.default\">\n\t\t\t\t<div class=\"elementor-widget-container\">\n\t\t\t\t\t\t\t\t\t\t\t\t\t\t\t<img fetchpriority=\"high\" decoding=\"async\" width=\"665\" height=\"350\" src=\"https:\/\/fullweldingservices.com\/nuevo\/wp-content\/uploads\/2024\/11\/IMG_0643.webp\" class=\"attachment-large size-large wp-image-2581\" alt=\"\" srcset=\"https:\/\/fullweldingservices.com\/nuevo\/wp-content\/uploads\/2024\/11\/IMG_0643.webp 665w, https:\/\/fullweldingservices.com\/nuevo\/wp-content\/uploads\/2024\/11\/IMG_0643-300x158.webp 300w, https:\/\/fullweldingservices.com\/nuevo\/wp-content\/uploads\/2024\/11\/IMG_0643-256x135.webp 256w\" sizes=\"(max-width: 665px) 100vw, 665px\" \/>\t\t\t\t\t\t\t\t\t\t\t\t\t\t\t<\/div>\n\t\t\t\t<\/div>\n\t\t\t\t<\/div>\n\t\t\t\t\t<\/div>\n\t\t\t\t<\/div>\n\t\t<div class=\"elementor-element elementor-element-f46a03f e-flex e-con-boxed e-con e-parent\" data-id=\"f46a03f\" data-element_type=\"container\">\n\t\t\t\t\t<div class=\"e-con-inner\">\n\t\t\t\t<div class=\"elementor-element elementor-element-a6c12dc elementor-widget-divider--view-line elementor-widget elementor-widget-divider\" data-id=\"a6c12dc\" data-element_type=\"widget\" data-widget_type=\"divider.default\">\n\t\t\t\t<div class=\"elementor-widget-container\">\n\t\t\t\t\t\t\t<div class=\"elementor-divider\">\n\t\t\t<span class=\"elementor-divider-separator\">\n\t\t\t\t\t\t<\/span>\n\t\t<\/div>\n\t\t\t\t\t\t<\/div>\n\t\t\t\t<\/div>\n\t\t\t\t\t<\/div>\n\t\t\t\t<\/div>\n\t\t<div class=\"elementor-element elementor-element-8cdb5ff e-grid e-con-boxed e-con e-parent\" data-id=\"8cdb5ff\" data-element_type=\"container\">\n\t\t\t\t\t<div class=\"e-con-inner\">\n\t\t<div class=\"elementor-element elementor-element-a37a38a e-grid e-con-full e-con e-child\" data-id=\"a37a38a\" data-element_type=\"container\">\n\t\t\t\t<div class=\"elementor-element elementor-element-431f66d elementor-widget elementor-widget-image\" data-id=\"431f66d\" data-element_type=\"widget\" data-widget_type=\"image.default\">\n\t\t\t\t<div class=\"elementor-widget-container\">\n\t\t\t\t\t\t\t\t\t\t\t\t\t\t\t<img decoding=\"async\" width=\"665\" height=\"350\" src=\"https:\/\/fullweldingservices.com\/nuevo\/wp-content\/uploads\/2024\/11\/IMG_0861.webp\" class=\"attachment-large size-large wp-image-2582\" alt=\"\" srcset=\"https:\/\/fullweldingservices.com\/nuevo\/wp-content\/uploads\/2024\/11\/IMG_0861.webp 665w, https:\/\/fullweldingservices.com\/nuevo\/wp-content\/uploads\/2024\/11\/IMG_0861-300x158.webp 300w, https:\/\/fullweldingservices.com\/nuevo\/wp-content\/uploads\/2024\/11\/IMG_0861-256x135.webp 256w\" sizes=\"(max-width: 665px) 100vw, 665px\" \/>\t\t\t\t\t\t\t\t\t\t\t\t\t\t\t<\/div>\n\t\t\t\t<\/div>\n\t\t\t\t<\/div>\n\t\t<div class=\"elementor-element elementor-element-9f8b86f e-con-full e-flex e-con e-child\" data-id=\"9f8b86f\" data-element_type=\"container\">\n\t\t\t\t<div class=\"elementor-element elementor-element-9f57528 elementor-widget elementor-widget-heading\" data-id=\"9f57528\" data-element_type=\"widget\" data-widget_type=\"heading.default\">\n\t\t\t\t<div class=\"elementor-widget-container\">\n\t\t\t\t\t<h2 class=\"elementor-heading-title elementor-size-default\">Alquiler de Equipos para Soldadura y Corte<\/h2>\t\t\t\t<\/div>\n\t\t\t\t<\/div>\n\t\t\t\t<div class=\"elementor-element elementor-element-3e95c67 elementor-widget elementor-widget-text-editor\" data-id=\"3e95c67\" data-element_type=\"widget\" data-widget_type=\"text-editor.default\">\n\t\t\t\t<div class=\"elementor-widget-container\">\n\t\t\t\t\t\t\t\t\tOfrecemos un extenso cat\u00e1logo de equipos de soldadura y corte para alquiler, adaptados a las necesidades espec\u00edficas de cada proyecto. Desde equipos b\u00e1sicos hasta sistemas avanzados de corte por plasma y soldadura automatizada, nuestras soluciones est\u00e1n dise\u00f1adas para proporcionar m\u00e1xima eficiencia y rendimiento. Nuestro servicio de alquiler incluye asesor\u00eda t\u00e9cnica para garantizar el uso \u00f3ptimo de los equipos y el \u00e9xito de sus operaciones industriales.\t\t\t\t\t\t\t\t<\/div>\n\t\t\t\t<\/div>\n\t\t\t\t<\/div>\n\t\t\t\t\t<\/div>\n\t\t\t\t<\/div>\n\t\t<div class=\"elementor-element elementor-element-14b8511 e-flex e-con-boxed e-con e-parent\" data-id=\"14b8511\" data-element_type=\"container\">\n\t\t\t\t\t<div class=\"e-con-inner\">\n\t\t\t\t<div class=\"elementor-element elementor-element-21cfee1 elementor-widget-divider--view-line elementor-widget elementor-widget-divider\" data-id=\"21cfee1\" data-element_type=\"widget\" data-widget_type=\"divider.default\">\n\t\t\t\t<div class=\"elementor-widget-container\">\n\t\t\t\t\t\t\t<div class=\"elementor-divider\">\n\t\t\t<span class=\"elementor-divider-separator\">\n\t\t\t\t\t\t<\/span>\n\t\t<\/div>\n\t\t\t\t\t\t<\/div>\n\t\t\t\t<\/div>\n\t\t\t\t\t<\/div>\n\t\t\t\t<\/div>\n\t\t<div class=\"elementor-element elementor-element-fe8a295 e-grid e-con-boxed e-con e-parent\" data-id=\"fe8a295\" data-element_type=\"container\">\n\t\t\t\t\t<div class=\"e-con-inner\">\n\t\t<div class=\"elementor-element elementor-element-0fd7f98 e-con-full e-flex e-con e-child\" data-id=\"0fd7f98\" data-element_type=\"container\">\n\t\t\t\t<div class=\"elementor-element elementor-element-19ec952 elementor-widget elementor-widget-heading\" data-id=\"19ec952\" data-element_type=\"widget\" data-widget_type=\"heading.default\">\n\t\t\t\t<div class=\"elementor-widget-container\">\n\t\t\t\t\t<h2 class=\"elementor-heading-title elementor-size-default\">Venta de Equipos en Sistemas Automatizados de Corte y Soldadura<\/h2>\t\t\t\t<\/div>\n\t\t\t\t<\/div>\n\t\t\t\t<div class=\"elementor-element elementor-element-23d9ee6 elementor-widget elementor-widget-text-editor\" data-id=\"23d9ee6\" data-element_type=\"widget\" data-widget_type=\"text-editor.default\">\n\t\t\t\t<div class=\"elementor-widget-container\">\n\t\t\t\t\t\t\t\t\tSomos l\u00edderes en la comercializaci\u00f3n de sistemas automatizados de corte y soldadura, ofreciendo una amplia gama de equipos, consumibles, accesorios, partes e insumos. Nuestros productos est\u00e1n dise\u00f1ados para mejorar la precisi\u00f3n, eficiencia y productividad de sus operaciones industriales. Contamos con un equipo de expertos que brindan soporte t\u00e9cnico y asesoramiento para asegurar que adquiera el equipo que mejor se adapte a sus necesidades espec\u00edficas.\t\t\t\t\t\t\t\t<\/div>\n\t\t\t\t<\/div>\n\t\t\t\t<\/div>\n\t\t<div class=\"elementor-element elementor-element-4d90439 e-grid e-con-full e-con e-child\" data-id=\"4d90439\" data-element_type=\"container\">\n\t\t\t\t<div class=\"elementor-element elementor-element-87a88c6 elementor-widget elementor-widget-image\" data-id=\"87a88c6\" data-element_type=\"widget\" data-widget_type=\"image.default\">\n\t\t\t\t<div class=\"elementor-widget-container\">\n\t\t\t\t\t\t\t\t\t\t\t\t\t\t\t<img decoding=\"async\" width=\"665\" height=\"350\" src=\"https:\/\/fullweldingservices.com\/nuevo\/wp-content\/uploads\/2024\/11\/IMG_0809.webp\" class=\"attachment-large size-large wp-image-2583\" alt=\"\" srcset=\"https:\/\/fullweldingservices.com\/nuevo\/wp-content\/uploads\/2024\/11\/IMG_0809.webp 665w, https:\/\/fullweldingservices.com\/nuevo\/wp-content\/uploads\/2024\/11\/IMG_0809-300x158.webp 300w, https:\/\/fullweldingservices.com\/nuevo\/wp-content\/uploads\/2024\/11\/IMG_0809-256x135.webp 256w\" sizes=\"(max-width: 665px) 100vw, 665px\" \/>\t\t\t\t\t\t\t\t\t\t\t\t\t\t\t<\/div>\n\t\t\t\t<\/div>\n\t\t\t\t<\/div>\n\t\t\t\t\t<\/div>\n\t\t\t\t<\/div>\n\t\t<div class=\"elementor-element elementor-element-a0d9c89 e-flex e-con-boxed e-con e-parent\" data-id=\"a0d9c89\" data-element_type=\"container\">\n\t\t\t\t\t<div class=\"e-con-inner\">\n\t\t\t\t<div class=\"elementor-element elementor-element-5f31646 elementor-widget-divider--view-line elementor-widget elementor-widget-divider\" data-id=\"5f31646\" data-element_type=\"widget\" data-widget_type=\"divider.default\">\n\t\t\t\t<div class=\"elementor-widget-container\">\n\t\t\t\t\t\t\t<div class=\"elementor-divider\">\n\t\t\t<span class=\"elementor-divider-separator\">\n\t\t\t\t\t\t<\/span>\n\t\t<\/div>\n\t\t\t\t\t\t<\/div>\n\t\t\t\t<\/div>\n\t\t\t\t\t<\/div>\n\t\t\t\t<\/div>\n\t\t<div class=\"elementor-element elementor-element-af5e14c e-grid e-con-boxed e-con e-parent\" data-id=\"af5e14c\" data-element_type=\"container\">\n\t\t\t\t\t<div class=\"e-con-inner\">\n\t\t<div class=\"elementor-element elementor-element-309b399 e-grid e-con-full e-con e-child\" data-id=\"309b399\" data-element_type=\"container\">\n\t\t\t\t<div class=\"elementor-element elementor-element-e98b1e2 elementor-widget elementor-widget-image\" data-id=\"e98b1e2\" data-element_type=\"widget\" data-widget_type=\"image.default\">\n\t\t\t\t<div class=\"elementor-widget-container\">\n\t\t\t\t\t\t\t\t\t\t\t\t\t\t\t<img loading=\"lazy\" decoding=\"async\" width=\"704\" height=\"350\" src=\"https:\/\/fullweldingservices.com\/nuevo\/wp-content\/uploads\/2024\/11\/IMG_0835.webp\" class=\"attachment-large size-large wp-image-2574\" alt=\"\" srcset=\"https:\/\/fullweldingservices.com\/nuevo\/wp-content\/uploads\/2024\/11\/IMG_0835.webp 704w, https:\/\/fullweldingservices.com\/nuevo\/wp-content\/uploads\/2024\/11\/IMG_0835-300x149.webp 300w, https:\/\/fullweldingservices.com\/nuevo\/wp-content\/uploads\/2024\/11\/IMG_0835-256x127.webp 256w\" sizes=\"(max-width: 704px) 100vw, 704px\" \/>\t\t\t\t\t\t\t\t\t\t\t\t\t\t\t<\/div>\n\t\t\t\t<\/div>\n\t\t\t\t<\/div>\n\t\t<div class=\"elementor-element elementor-element-61b3595 e-con-full e-flex e-con e-child\" data-id=\"61b3595\" data-element_type=\"container\">\n\t\t\t\t<div class=\"elementor-element elementor-element-36a84bf elementor-widget elementor-widget-heading\" data-id=\"36a84bf\" data-element_type=\"widget\" data-widget_type=\"heading.default\">\n\t\t\t\t<div class=\"elementor-widget-container\">\n\t\t\t\t\t<h2 class=\"elementor-heading-title elementor-size-default\">Servicio de Mecanizado con Torno Port\u00e1til<\/h2>\t\t\t\t<\/div>\n\t\t\t\t<\/div>\n\t\t\t\t<div class=\"elementor-element elementor-element-cc99633 elementor-widget elementor-widget-text-editor\" data-id=\"cc99633\" data-element_type=\"widget\" data-widget_type=\"text-editor.default\">\n\t\t\t\t<div class=\"elementor-widget-container\">\n\t\t\t\t\t\t\t\t\tNuestro servicio de mecanizado con torno port\u00e1til est\u00e1 dise\u00f1ado para ofrecer soluciones precisas y eficientes directamente en el sitio de trabajo. Ideal para reparaciones y modificaciones in situ, este servicio permite realizar trabajos de alta precisi\u00f3n sin la necesidad de trasladar grandes piezas a un taller. Nuestros t\u00e9cnicos altamente capacitados utilizan tecnolog\u00eda de vanguardia para garantizar resultados de alta calidad, mejorando la productividad y reduciendo el tiempo de inactividad.\t\t\t\t\t\t\t\t<\/div>\n\t\t\t\t<\/div>\n\t\t\t\t<\/div>\n\t\t\t\t\t<\/div>\n\t\t\t\t<\/div>\n\t\t<div class=\"elementor-element elementor-element-902babb e-flex e-con-boxed e-con e-parent\" data-id=\"902babb\" data-element_type=\"container\">\n\t\t\t\t\t<div class=\"e-con-inner\">\n\t\t\t\t<div class=\"elementor-element elementor-element-1d84ff1 elementor-widget elementor-widget-spacer\" data-id=\"1d84ff1\" data-element_type=\"widget\" data-widget_type=\"spacer.default\">\n\t\t\t\t<div class=\"elementor-widget-container\">\n\t\t\t\t\t\t\t<div class=\"elementor-spacer\">\n\t\t\t<div class=\"elementor-spacer-inner\"><\/div>\n\t\t<\/div>\n\t\t\t\t\t\t<\/div>\n\t\t\t\t<\/div>\n\t\t\t\t\t<\/div>\n\t\t\t\t<\/div>\n\t\t\t\t<section class=\"elementor-section elementor-top-section elementor-element elementor-element-1c6a7af2 elementor-section-full_width elementor-section-height-default elementor-section-height-default\" data-id=\"1c6a7af2\" data-element_type=\"section\">\n\t\t\t\t\t\t<div class=\"elementor-container elementor-column-gap-no\">\n\t\t\t\t\t<div class=\"elementor-column elementor-col-100 elementor-top-column elementor-element elementor-element-5f4866bc\" data-id=\"5f4866bc\" data-element_type=\"column\">\n\t\t\t<div class=\"elementor-widget-wrap elementor-element-populated\">\n\t\t\t\t\t\t<div class=\"elementor-element elementor-element-64cdebff elementor-widget elementor-widget-quarty-cta\" data-id=\"64cdebff\" data-element_type=\"widget\" data-widget_type=\"quarty-cta.default\">\n\t\t\t\t<div class=\"elementor-widget-container\">\n\t\t\t\t\t\n\t\t<div class=\"row\">\n          <div class=\"col-lg-12\">\n            <div class=\"qrt-call-to-action\">\n                            <h4>\n              \t<span >\n\t          \t\t<p style=\"color: white;font-size: 14px\">\n  Powered by <a href=\"https:\/\/heurekaestudio.co\" target=\"_blank\" style=\"color: #f39200;font-size: 14px\">Heureka Estudio<\/a> \n  <span style=\"color: white;font-size: 14px\">&nbsp;&nbsp;\u00a9 Full Welding Services. Todos los derechos reservados. 2024.<\/span>\n<\/p>\n\t        \t<\/span>\n              <\/h4>\n                                          <a href=\"https:\/\/fullweldingservices.com\/nuevo\/contactanos\/\" class=\"qrt-btn qrt-btn-sm qrt-btn-color qrt-cursor-scale qrt-anima-link\">\n              \t<span >\n\t          \t\tConozc\u00e1monos\t        \t<\/span>\n              <\/a>\n                          <\/div>\n          <\/div>\n        <\/div>\n\n\t\t\t\t\t\t<\/div>\n\t\t\t\t<\/div>\n\t\t\t\t\t<\/div>\n\t\t<\/div>\n\t\t\t\t\t<\/div>\n\t\t<\/section>\n\t\t\t\t<\/div>\n\t\t","protected":false},"excerpt":{"rendered":"<p>Servicios Mantenimiento de Equipos Gestionamos su proceso de mantenimiento de manera integral para asegurar la m\u00e1xima eficiencia de sus equipos&#8230; <span class=\"qrt-el-more\"><a href=\"https:\/\/fullweldingservices.com\/nuevo\/servicios\/\" class=\"qrt-link qrt-color-link qrt-cursor-scale qrt-w-chevron\">Read more<\/a><\/span><\/p>\n","protected":false},"author":1,"featured_media":0,"parent":0,"menu_order":0,"comment_status":"closed","ping_status":"closed","template":"template-layout-builder.php","meta":{"footnotes":""},"class_list":["post-2392","page","type-page","status-publish","hentry"],"_links":{"self":[{"href":"https:\/\/fullweldingservices.com\/nuevo\/wp-json\/wp\/v2\/pages\/2392","targetHints":{"allow":["GET"]}}],"collection":[{"href":"https:\/\/fullweldingservices.com\/nuevo\/wp-json\/wp\/v2\/pages"}],"about":[{"href":"https:\/\/fullweldingservices.com\/nuevo\/wp-json\/wp\/v2\/types\/page"}],"author":[{"embeddable":true,"href":"https:\/\/fullweldingservices.com\/nuevo\/wp-json\/wp\/v2\/users\/1"}],"replies":[{"embeddable":true,"href":"https:\/\/fullweldingservices.com\/nuevo\/wp-json\/wp\/v2\/comments?post=2392"}],"version-history":[{"count":49,"href":"https:\/\/fullweldingservices.com\/nuevo\/wp-json\/wp\/v2\/pages\/2392\/revisions"}],"predecessor-version":[{"id":2588,"href":"https:\/\/fullweldingservices.com\/nuevo\/wp-json\/wp\/v2\/pages\/2392\/revisions\/2588"}],"wp:attachment":[{"href":"https:\/\/fullweldingservices.com\/nuevo\/wp-json\/wp\/v2\/media?parent=2392"}],"curies":[{"name":"wp","href":"https:\/\/api.w.org\/{rel}","templated":true}]}}