{"id":2089,"date":"2024-07-24T18:47:28","date_gmt":"2024-07-24T18:47:28","guid":{"rendered":"https:\/\/fullweldingservices.com\/nuevo\/?page_id=2089"},"modified":"2025-03-10T18:31:12","modified_gmt":"2025-03-10T18:31:12","slug":"contactanos","status":"publish","type":"page","link":"https:\/\/fullweldingservices.com\/nuevo\/contactanos\/","title":{"rendered":"Cont\u00e1ctanos"},"content":{"rendered":"\t\t<div data-elementor-type=\"wp-page\" data-elementor-id=\"2089\" class=\"elementor elementor-2089\">\n\t\t\t\t\t\t<section class=\"elementor-section elementor-top-section elementor-element elementor-element-59b3d97 elementor-section-full_width elementor-section-height-default elementor-section-height-default\" data-id=\"59b3d97\" data-element_type=\"section\">\n\t\t\t\t\t\t<div class=\"elementor-container elementor-column-gap-no\">\n\t\t\t\t\t<div class=\"elementor-column elementor-col-100 elementor-top-column elementor-element elementor-element-a1d78fa\" data-id=\"a1d78fa\" data-element_type=\"column\">\n\t\t\t<div class=\"elementor-widget-wrap elementor-element-populated\">\n\t\t\t\t\t\t<div class=\"elementor-element elementor-element-89dd16d elementor-widget elementor-widget-quarty-hero-slider\" data-id=\"89dd16d\" data-element_type=\"widget\" data-widget_type=\"quarty-hero-slider.default\">\n\t\t\t\t<div class=\"elementor-widget-container\">\n\t\t\t\t\t\n\t\t\t\t<div class=\"qrt-body\">\n\t\t<div class=\"swiper-container qrt-main-slider\">\n        \t<div class=\"qrt-slider-pagination\">\n        \t\t<div class=\"swiper-pagination swiper-main-pagination\"><\/div>\n        \t<\/div>\n        \t<div class=\"qrt-slider-navigation qrt-absolute\">\n            \t<div class=\"qrt-slider-nav-btn qrt-main-prev qrt-cursor-scale qrt-cursor-color\">\n            \t\t<i class=\"fas fa-arrow-left\"><\/i>\n            \t\t<span>prev<\/span>\n            \t<\/div>\n        \t\t<div class=\"qrt-slider-nav-btn qrt-main-next qrt-cursor-scale qrt-cursor-color\">\n        \t\t\t<span>next<\/span>\n        \t\t\t<i class=\"fas fa-arrow-right\"><\/i>\n        \t\t<\/div>\n        \t<\/div>\n        \t<div class=\"swiper-wrapper\">\n                        <div class=\"swiper-slide\">\n              \t<div class=\"qrt-project-cover\">\n              \t\t\n                \t<div class=\"qrt-image-frame\">\n                  \t\t                  \t\t\t<video autoplay loop class=\"qrt-video-background\" poster=\"\" data-swiper-parallax=\"400\" data-swiper-parallax-scale=\"1.4\" muted>\n\t                    \t\t<source src=\"https:\/\/fullweldingservices.com\/nuevo\/wp-content\/uploads\/2024\/11\/3.-FWS-Linea-de-Mecanizado.mp4\" type=\"video\/mp4\">\n\t                  \t\t<\/video>\n\t                  \t                \t<\/div>\n                \t\n\n                \t<div class=\"qrt-overlay\">\n                  \t\t<div class=\"qrt-parallax-fix\" data-swiper-parallax-x=\"-400\" data-swiper-parallax-duration=\"1000\">\n                    \t\t<div class=\"qrt-banner-title\">\n\t\t                    \t\t\t                    \t\t\t                     \t\t\t                    \t                \t\t\t<\/div>\n                \t\t<\/div>\n                \t<\/div>\n            \t<\/div>\n            <\/div>\n            \n          \t<\/div>\n        <\/div>\n    \t<\/div>\n        \n\t\t\t\t\t\t<\/div>\n\t\t\t\t<\/div>\n\t\t\t\t\t<\/div>\n\t\t<\/div>\n\t\t\t\t\t<\/div>\n\t\t<\/section>\n\t\t\t\t<section class=\"elementor-section elementor-top-section elementor-element elementor-element-6dfdb6d elementor-section-full_width elementor-section-height-default elementor-section-height-default\" data-id=\"6dfdb6d\" data-element_type=\"section\">\n\t\t\t\t\t\t<div class=\"elementor-container elementor-column-gap-no\">\n\t\t\t\t\t<div class=\"elementor-column elementor-col-100 elementor-top-column elementor-element elementor-element-3dad790\" data-id=\"3dad790\" data-element_type=\"column\">\n\t\t\t<div class=\"elementor-widget-wrap elementor-element-populated\">\n\t\t\t\t\t\t<div class=\"elementor-element elementor-element-d40b6fc elementor-widget elementor-widget-quarty-contact-info\" data-id=\"d40b6fc\" data-element_type=\"widget\" data-widget_type=\"quarty-contact-info.default\">\n\t\t\t\t<div class=\"elementor-widget-container\">\n\t\t\t\t\t\n\t\t<div class=\"qrt-section qrt-section-sf\">\n\t\t\t<div class=\"row\">\n\t\t\t\t\t\t\t\t<div class=\"col-lg-12\">\n\t\t\t\t\t<h3 class=\"qrt-mb-40 qrt-title-h\">\n\t\t\t\t\t\t<span >\n\t\t          \t\t\tInformaci\u00f3n de contacto\t\t         \t\t<\/span>\n\t\t\t\t\t<\/h3>\n\t\t\t\t<\/div>\n\t\t\t\t\n\t\t\t\t\t\t\t\t\t\t\t\t<div class=\"col-lg-4\">\n\t\t\t\t\t<div class=\"qrt-icon-box\">\n\t\t\t\t\t\t\t\t\t\t\t\t<!-- icon -->\n\t\t\t\t\t\t<img decoding=\"async\" class=\"mb-20\" src=\"https:\/\/fullweldingservices.com\/nuevo\/wp-content\/uploads\/2024\/08\/Contact_icons_phone.svg\" alt=\"Celular\">\n\t\t\t\t\t\t\t\t\t\t\t\t\t\t\t\t\t\t<!-- title -->\n\t\t\t\t\t\t<h4 class=\"mb-20\">\n\t\t\t\t\t\t\t<span >\n\t        \t\t\t\t\tCelular\t        \t\t\t\t<\/span>\n\t\t\t\t\t\t<\/h4>\n\t\t\t\t\t\t\t\t\t\t\t\t\t\t\t\t\t\t<!-- description -->\n\t\t\t\t\t\t<div >\n\t        \t\t\t\t<a href=\"tel:+573185604187\">+57 318 560 4187<\/a>\t        \t\t\t<\/div>\n\t        \t\t\t\t\t\t\t\t<\/div>\n\t\t\t\t<\/div>\n\t\t\t\t\t\t\t\t<div class=\"col-lg-4\">\n\t\t\t\t\t<div class=\"qrt-icon-box\">\n\t\t\t\t\t\t\t\t\t\t\t\t<!-- icon -->\n\t\t\t\t\t\t<img decoding=\"async\" class=\"mb-20\" src=\"https:\/\/fullweldingservices.com\/nuevo\/wp-content\/uploads\/2024\/08\/Contact_icons_mail.svg\" alt=\"Correo electr\u00f3nico\">\n\t\t\t\t\t\t\t\t\t\t\t\t\t\t\t\t\t\t<!-- title -->\n\t\t\t\t\t\t<h4 class=\"mb-20\">\n\t\t\t\t\t\t\t<span >\n\t        \t\t\t\t\tCorreo electr\u00f3nico\t        \t\t\t\t<\/span>\n\t\t\t\t\t\t<\/h4>\n\t\t\t\t\t\t\t\t\t\t\t\t\t\t\t\t\t\t<!-- description -->\n\t\t\t\t\t\t<div >\n\t        \t\t\t\t<p><a href=\"mailto:administracion@fullweldingservices.com\">administracion@fullweldingservices.com<\/a><\/p>\t        \t\t\t<\/div>\n\t        \t\t\t\t\t\t\t\t<\/div>\n\t\t\t\t<\/div>\n\t\t\t\t\t\t\t\t<div class=\"col-lg-4\">\n\t\t\t\t\t<div class=\"qrt-icon-box\">\n\t\t\t\t\t\t\t\t\t\t\t\t<!-- icon -->\n\t\t\t\t\t\t<img decoding=\"async\" class=\"mb-20\" src=\"https:\/\/fullweldingservices.com\/nuevo\/wp-content\/uploads\/2024\/08\/Contact_icons_location.svg\" alt=\"Ubicaci\u00f3n\">\n\t\t\t\t\t\t\t\t\t\t\t\t\t\t\t\t\t\t<!-- title -->\n\t\t\t\t\t\t<h4 class=\"mb-20\">\n\t\t\t\t\t\t\t<span >\n\t        \t\t\t\t\tUbicaci\u00f3n\t        \t\t\t\t<\/span>\n\t\t\t\t\t\t<\/h4>\n\t\t\t\t\t\t\t\t\t\t\t\t\t\t\t\t\t\t<!-- description -->\n\t\t\t\t\t\t<div >\n\t        \t\t\t\t<a href=\"https:\/\/maps.app.goo.gl\/dMTXKfsvo2t92BVc9\" target=\"_blank\" rel=\"noopener\">Calle 42 # 46-146, Barranquilla, Colombia<\/a>\t        \t\t\t<\/div>\n\t        \t\t\t\t\t\t\t\t<\/div>\n\t\t\t\t<\/div>\n\t\t\t\t\t\t  \t\t\t\t\t<\/div>\n\t\t<\/div>\n\n\t\t\t\t\t\t<\/div>\n\t\t\t\t<\/div>\n\t\t\t\t\t<\/div>\n\t\t<\/div>\n\t\t\t\t\t<\/div>\n\t\t<\/section>\n\t\t\t\t<section class=\"elementor-section elementor-top-section elementor-element elementor-element-409d73f elementor-section-full_width elementor-section-height-default elementor-section-height-default\" data-id=\"409d73f\" data-element_type=\"section\">\n\t\t\t\t\t\t<div class=\"elementor-container elementor-column-gap-no\">\n\t\t\t\t\t<div class=\"elementor-column elementor-col-100 elementor-top-column elementor-element elementor-element-a6352f3\" data-id=\"a6352f3\" data-element_type=\"column\">\n\t\t\t<div class=\"elementor-widget-wrap elementor-element-populated\">\n\t\t\t\t\t\t<div class=\"elementor-element elementor-element-01b88fc elementor-widget elementor-widget-quarty-contact-form\" data-id=\"01b88fc\" data-element_type=\"widget\" data-widget_type=\"quarty-contact-form.default\">\n\t\t\t\t<div class=\"elementor-widget-container\">\n\t\t\t\t\t\n\t\t<div class=\"qrt-section qrt-section-sf\">\n\t\t\t<div class=\"row\">\n                            <div class=\"col-lg-12\">\n                <h4 class=\"qrt-mb-40 qrt-title-h\">\n            \t\t<span >\n\t\t          \t\tPonerse en contacto\t\t         \t<\/span>\n            \t<\/h4>\n              <\/div>\n              \n                            <div class=\"col-lg-12\">\n              \t\n<div class=\"wpcf7 no-js\" id=\"wpcf7-f80-o1\" lang=\"en-US\" dir=\"ltr\" data-wpcf7-id=\"80\">\n<div class=\"screen-reader-response\"><p role=\"status\" aria-live=\"polite\" aria-atomic=\"true\"><\/p> <ul><\/ul><\/div>\n<form action=\"\/nuevo\/wp-json\/wp\/v2\/pages\/2089#wpcf7-f80-o1\" method=\"post\" class=\"wpcf7-form init\" aria-label=\"Contact form\" novalidate=\"novalidate\" data-status=\"init\">\n<div style=\"display: none;\">\n<input type=\"hidden\" name=\"_wpcf7\" value=\"80\" \/>\n<input type=\"hidden\" name=\"_wpcf7_version\" value=\"6.0.6\" \/>\n<input type=\"hidden\" name=\"_wpcf7_locale\" value=\"en_US\" \/>\n<input type=\"hidden\" name=\"_wpcf7_unit_tag\" value=\"wpcf7-f80-o1\" \/>\n<input type=\"hidden\" name=\"_wpcf7_container_post\" value=\"0\" \/>\n<input type=\"hidden\" name=\"_wpcf7_posted_data_hash\" value=\"\" \/>\n<input type=\"hidden\" name=\"_wpcf7_recaptcha_response\" value=\"\" \/>\n<\/div>\n<div class=\"qrt-contact-form\">\n\t<div class=\"row\">\n\t\t<div class=\"col-lg-6\">\n\t\t\t<div class=\"qrt-form-field\">\n\t\t\t\t<span class=\"wpcf7-form-control-wrap\" data-name=\"your-name\"><input size=\"40\" maxlength=\"400\" class=\"wpcf7-form-control wpcf7-text wpcf7-validates-as-required qrt-input\" aria-required=\"true\" aria-invalid=\"false\" placeholder=\"Nombre completo\" value=\"\" type=\"text\" name=\"your-name\" \/><\/span>\n\t\t\t\t<label><i class=\"fas fa-user\"><\/i><\/label>\n\t\t\t<\/div>\n\t\t<\/div>\n\t\t<div class=\"col-lg-6\">\n\t\t\t<div class=\"qrt-form-field\">\n\t\t\t\t<span class=\"wpcf7-form-control-wrap\" data-name=\"your-email\"><input size=\"40\" maxlength=\"400\" class=\"wpcf7-form-control wpcf7-email wpcf7-validates-as-required wpcf7-text wpcf7-validates-as-email qrt-input\" aria-required=\"true\" aria-invalid=\"false\" placeholder=\"Correo electr\u00f3nico\" value=\"\" type=\"email\" name=\"your-email\" \/><\/span>\n\t\t\t\t<label><i class=\"fas fa-at\"><\/i><\/label>\n\t\t\t<\/div>\n\t\t<\/div>\n\t\t<div class=\"col-lg-12\">\n\t\t\t<div class=\"qrt-form-field\">\n\t\t\t\t<span class=\"wpcf7-form-control-wrap\" data-name=\"your-message\"><textarea cols=\"40\" rows=\"10\" maxlength=\"2000\" class=\"wpcf7-form-control wpcf7-textarea wpcf7-validates-as-required qrt-input\" aria-required=\"true\" aria-invalid=\"false\" placeholder=\"Mensaje\" name=\"your-message\"><\/textarea><\/span>\n\t\t\t\t<label><i class=\"far fa-envelope\"><\/i><\/label>\n\t\t\t<\/div>\n\t\t<\/div>\n\t\t<div class=\"col-md-6\">\n\t\t\t<div class=\"qrt-mb-20\">Nos comprometemos a no revelar su informaci\u00f3n personal a terceros.<\/div>\n\t\t<\/div>\n\t\t<div class=\"col-md-6\">\n\t\t\t<div class=\"qrt-submit-frame qrt-text-right qrt-sm-text-left qrt-mb-40\">\n\t\t\t\t<button class=\"qrt-btn qrt-btn-md qrt-btn-color qrt-cursor-scale\" type=\"submit\"><span>Enviar mensaje<\/span><\/button>\n\t\t\t<\/div>\n\t\t<\/div>\n\t<\/div>\n<\/div><div class=\"wpcf7-response-output\" aria-hidden=\"true\"><\/div>\n<\/form>\n<\/div>\n              <\/div>\n                          <\/div>\n        <\/div>\t\t\n\n\t\t\t\t\t\t<\/div>\n\t\t\t\t<\/div>\n\t\t\t\t\t<\/div>\n\t\t<\/div>\n\t\t\t\t\t<\/div>\n\t\t<\/section>\n\t\t\t\t<section class=\"elementor-section elementor-top-section elementor-element elementor-element-5d3931c elementor-section-full_width elementor-section-height-default elementor-section-height-default\" data-id=\"5d3931c\" data-element_type=\"section\">\n\t\t\t\t\t\t<div class=\"elementor-container elementor-column-gap-no\">\n\t\t\t\t\t<div class=\"elementor-column elementor-col-100 elementor-top-column elementor-element elementor-element-4bc57ec\" data-id=\"4bc57ec\" data-element_type=\"column\">\n\t\t\t<div class=\"elementor-widget-wrap elementor-element-populated\">\n\t\t\t\t\t\t<div class=\"elementor-element elementor-element-4d3e8d1 elementor-widget elementor-widget-quarty-contact-map\" data-id=\"4d3e8d1\" data-element_type=\"widget\" data-widget_type=\"quarty-contact-map.default\">\n\t\t\t\t<div class=\"elementor-widget-container\">\n\t\t\t\t\t\n\t\t<div class=\"qrt-section qrt-section-sf\">\n\t\t\t<div class=\"row\">\n                            <div class=\"col-lg-12\">\n                <h3 class=\"qrt-mb-40 qrt-title-h\">\n            \t\t<span >\n\t\t          \t\tNuestra oficina\t\t         \t<\/span>\n            \t<\/h3>\n              <\/div>\n              \n                          <\/div>\n        <\/div>\t\t\n\n\t\t\t\t\t\t<\/div>\n\t\t\t\t<\/div>\n\t\t<div class=\"elementor-element elementor-element-5373c48 e-flex e-con-boxed e-con e-parent\" data-id=\"5373c48\" data-element_type=\"container\">\n\t\t\t\t\t<div class=\"e-con-inner\">\n\t\t\t\t<div class=\"elementor-element elementor-element-98eb006 elementor-widget elementor-widget-google_maps\" data-id=\"98eb006\" data-element_type=\"widget\" data-widget_type=\"google_maps.default\">\n\t\t\t\t<div class=\"elementor-widget-container\">\n\t\t\t\t\t\t\t<div class=\"elementor-custom-embed\">\n\t\t\t<iframe loading=\"lazy\"\n\t\t\t\t\tsrc=\"https:\/\/maps.google.com\/maps?q=Full%20welding%20services%20SAS&#038;t=m&#038;z=18&#038;output=embed&#038;iwloc=near\"\n\t\t\t\t\ttitle=\"Full welding services SAS\"\n\t\t\t\t\taria-label=\"Full welding services SAS\"\n\t\t\t><\/iframe>\n\t\t<\/div>\n\t\t\t\t\t\t<\/div>\n\t\t\t\t<\/div>\n\t\t\t\t<div class=\"elementor-element elementor-element-7684e99 elementor-widget elementor-widget-spacer\" data-id=\"7684e99\" data-element_type=\"widget\" data-widget_type=\"spacer.default\">\n\t\t\t\t<div class=\"elementor-widget-container\">\n\t\t\t\t\t\t\t<div class=\"elementor-spacer\">\n\t\t\t<div class=\"elementor-spacer-inner\"><\/div>\n\t\t<\/div>\n\t\t\t\t\t\t<\/div>\n\t\t\t\t<\/div>\n\t\t\t\t\t<\/div>\n\t\t\t\t<\/div>\n\t\t\t\t\t<\/div>\n\t\t<\/div>\n\t\t\t\t\t<\/div>\n\t\t<\/section>\n\t\t\t\t<section class=\"elementor-section elementor-top-section elementor-element elementor-element-5127e6ff elementor-section-full_width elementor-section-height-default elementor-section-height-default\" data-id=\"5127e6ff\" data-element_type=\"section\">\n\t\t\t\t\t\t<div class=\"elementor-container elementor-column-gap-no\">\n\t\t\t\t\t<div class=\"elementor-column elementor-col-100 elementor-top-column elementor-element elementor-element-10acf198\" data-id=\"10acf198\" data-element_type=\"column\">\n\t\t\t<div class=\"elementor-widget-wrap elementor-element-populated\">\n\t\t\t\t\t\t<div class=\"elementor-element elementor-element-21e51b5 elementor-widget elementor-widget-quarty-cta\" data-id=\"21e51b5\" data-element_type=\"widget\" data-widget_type=\"quarty-cta.default\">\n\t\t\t\t<div class=\"elementor-widget-container\">\n\t\t\t\t\t\n\t\t<div class=\"row\">\n          <div class=\"col-lg-12\">\n            <div class=\"qrt-call-to-action\">\n                            <h4>\n              \t<span >\n\t          \t\t<p style=\"color: white;font-size: 14px\">\n  Powered by <a href=\"https:\/\/heurekaestudio.co\" target=\"_blank\" style=\"color: #f39200;font-size: 14px\">Heureka Estudio<\/a> \n  <span style=\"color: white;font-size: 14px\">&nbsp;&nbsp;\u00a9 Full Welding Services. Todos los derechos reservados. 2024.<\/span>\n<\/p>\n\t        \t<\/span>\n              <\/h4>\n                                          <a href=\"https:\/\/fullweldingservices.com\/nuevo\/contactanos\/\" class=\"qrt-btn qrt-btn-sm qrt-btn-color qrt-cursor-scale qrt-anima-link\">\n              \t<span >\n\t          \t\tConozc\u00e1monos\t        \t<\/span>\n              <\/a>\n                          <\/div>\n          <\/div>\n        <\/div>\n\n\t\t\t\t\t\t<\/div>\n\t\t\t\t<\/div>\n\t\t\t\t\t<\/div>\n\t\t<\/div>\n\t\t\t\t\t<\/div>\n\t\t<\/section>\n\t\t\t\t<\/div>\n\t\t","protected":false},"excerpt":{"rendered":"<p>prev next Informaci\u00f3n de contacto Celular +57 318 560 4187 Correo electr\u00f3nico administracion@fullweldingservices.com Ubicaci\u00f3n Calle 42 # 46-146, Barranquilla, Colombia&#8230; <span class=\"qrt-el-more\"><a href=\"https:\/\/fullweldingservices.com\/nuevo\/contactanos\/\" class=\"qrt-link qrt-color-link qrt-cursor-scale qrt-w-chevron\">Read more<\/a><\/span><\/p>\n","protected":false},"author":1,"featured_media":0,"parent":0,"menu_order":0,"comment_status":"closed","ping_status":"closed","template":"template-layout-builder.php","meta":{"footnotes":""},"class_list":["post-2089","page","type-page","status-publish","hentry"],"_links":{"self":[{"href":"https:\/\/fullweldingservices.com\/nuevo\/wp-json\/wp\/v2\/pages\/2089","targetHints":{"allow":["GET"]}}],"collection":[{"href":"https:\/\/fullweldingservices.com\/nuevo\/wp-json\/wp\/v2\/pages"}],"about":[{"href":"https:\/\/fullweldingservices.com\/nuevo\/wp-json\/wp\/v2\/types\/page"}],"author":[{"embeddable":true,"href":"https:\/\/fullweldingservices.com\/nuevo\/wp-json\/wp\/v2\/users\/1"}],"replies":[{"embeddable":true,"href":"https:\/\/fullweldingservices.com\/nuevo\/wp-json\/wp\/v2\/comments?post=2089"}],"version-history":[{"count":118,"href":"https:\/\/fullweldingservices.com\/nuevo\/wp-json\/wp\/v2\/pages\/2089\/revisions"}],"predecessor-version":[{"id":3086,"href":"https:\/\/fullweldingservices.com\/nuevo\/wp-json\/wp\/v2\/pages\/2089\/revisions\/3086"}],"wp:attachment":[{"href":"https:\/\/fullweldingservices.com\/nuevo\/wp-json\/wp\/v2\/media?parent=2089"}],"curies":[{"name":"wp","href":"https:\/\/api.w.org\/{rel}","templated":true}]}}