{"id":2087,"date":"2024-07-24T18:44:52","date_gmt":"2024-07-24T18:44:52","guid":{"rendered":"https:\/\/fullweldingservices.com\/nuevo\/?page_id=2087"},"modified":"2024-11-08T20:11:13","modified_gmt":"2024-11-08T20:11:13","slug":"nosotros","status":"publish","type":"page","link":"https:\/\/fullweldingservices.com\/nuevo\/nosotros\/","title":{"rendered":"Nosotros"},"content":{"rendered":"\t\t<div data-elementor-type=\"wp-page\" data-elementor-id=\"2087\" class=\"elementor elementor-2087\">\n\t\t\t\t\t\t<section class=\"elementor-section elementor-top-section elementor-element elementor-element-09fb1b8 elementor-section-full_width elementor-section-height-default elementor-section-height-default\" data-id=\"09fb1b8\" data-element_type=\"section\">\n\t\t\t\t\t\t<div class=\"elementor-container elementor-column-gap-no\">\n\t\t\t\t\t<div class=\"elementor-column elementor-col-100 elementor-top-column elementor-element elementor-element-a7ea650\" data-id=\"a7ea650\" data-element_type=\"column\">\n\t\t\t<div class=\"elementor-widget-wrap elementor-element-populated\">\n\t\t\t\t\t\t<div class=\"elementor-element elementor-element-0bf795e elementor-widget elementor-widget-quarty-banner\" data-id=\"0bf795e\" data-element_type=\"widget\" data-widget_type=\"quarty-banner.default\">\n\t\t\t\t<div class=\"elementor-widget-container\">\n\t\t\t\t\t\n\t\t<div class=\"row qrt-p-0-40\">\n          <div class=\"col-lg-12\">\n            <div class=\"qrt-page-cover\">\n                            <img decoding=\"async\" src=\"https:\/\/fullweldingservices.com\/nuevo\/wp-content\/uploads\/2024\/11\/IMG_0835.webp\" alt=\"\" \/>\n                                                        <div class=\"qrt-about-info qrt-right-position\">\n                <div class=\"qrt-cover-info\">\n\t\t\t\t  <ul class=\"qrt-table\">\n\t\t\t\t\t                    <li>\n                      <h5 class=\"qrt-white\">\n                      \t<span >\n\t        \t\t\t\tPa\u00eds:\t        \t\t\t<\/span>\n                      <\/h5>\n                      <span >\n\t\t\t\t\t\tColombia\t\t\t\t\t  <\/span>\n\t\t\t\t\t<\/li>\n                                        <li>\n                      <h5 class=\"qrt-white\">\n                      \t<span >\n\t        \t\t\t\tCiudad:\t        \t\t\t<\/span>\n                      <\/h5>\n                      <span >\n\t\t\t\t\t\tBarranquilla\t\t\t\t\t  <\/span>\n\t\t\t\t\t<\/li>\n                                        <li>\n                      <h5 class=\"qrt-white\">\n                      \t<span >\n\t        \t\t\t\tFundaci\u00f3n\t        \t\t\t<\/span>\n                      <\/h5>\n                      <span >\n\t\t\t\t\t\tMayo, 2016\t\t\t\t\t  <\/span>\n\t\t\t\t\t<\/li>\n                    \t\t\t\t  <\/ul>\n                <\/div>\n              <\/div>\n         \t              <\/div>\n          <\/div>\n        <\/div>\n\n\t\t\t\t\t\t<\/div>\n\t\t\t\t<\/div>\n\t\t\t\t\t<\/div>\n\t\t<\/div>\n\t\t\t\t\t<\/div>\n\t\t<\/section>\n\t\t<div class=\"elementor-element elementor-element-07f67dd e-flex e-con-boxed e-con e-parent\" data-id=\"07f67dd\" data-element_type=\"container\">\n\t\t\t\t\t<div class=\"e-con-inner\">\n\t\t\t\t<div class=\"elementor-element elementor-element-6e4dd3f elementor-widget elementor-widget-html\" data-id=\"6e4dd3f\" data-element_type=\"widget\" data-widget_type=\"html.default\">\n\t\t\t\t<div class=\"elementor-widget-container\">\n\t\t\t\t\t<img decoding=\"async\" src=\"https:\/\/fullweldingservices.com\/nuevo\/wp-content\/uploads\/2024\/11\/743058573207Scroll_Down_12.gif\" alt=\"Computer man\" style=\"width:100px;height:100px; display: block; margin: 0 auto;\">\r\n\t\t\t\t<\/div>\n\t\t\t\t<\/div>\n\t\t\t\t\t<\/div>\n\t\t\t\t<\/div>\n\t\t\t\t<section class=\"elementor-section elementor-top-section elementor-element elementor-element-b13de92 elementor-section-full_width elementor-section-height-default elementor-section-height-default\" data-id=\"b13de92\" data-element_type=\"section\">\n\t\t\t\t\t\t<div class=\"elementor-container elementor-column-gap-no\">\n\t\t\t\t\t<div class=\"elementor-column elementor-col-100 elementor-top-column elementor-element elementor-element-2a40d7b\" data-id=\"2a40d7b\" data-element_type=\"column\">\n\t\t\t<div class=\"elementor-widget-wrap elementor-element-populated\">\n\t\t\t\t\t\t<div class=\"elementor-element elementor-element-5831ef8 elementor-widget elementor-widget-quarty-about-us\" data-id=\"5831ef8\" data-element_type=\"widget\" data-widget_type=\"quarty-about-us.default\">\n\t\t\t\t<div class=\"elementor-widget-container\">\n\t\t\t\t\t\n\t\t<div class=\"qrt-section\">\t\n\t\t\t<div class=\"row\">\n\t          \t          <div class=\"col-lg-4\">\n\t            <h3 class=\"qrt-section-title\">\n\t            \t<span >\n\t          \t\t\tExpertos en Mantenimiento Industrial y Soluciones de Soldadura con M\u00e1s de 8 A\u00f1os de Experiencia\t         \t\t<\/span>\n\t            <\/h3>\n\t          <\/div>\n\t          \t          \t          <div class=\"col-lg-8 qrt-section-description\">\n\t            \t<div >\n\t          \t\t\t<p>Con m\u00e1s de 8 a\u00f1os de trayectoria, nuestra compa\u00f1\u00eda se especializa en el mantenimiento de maquinaria industrial, alquiler de equipos de soldadura, y comercializaci\u00f3n de equipos, componentes y piezas de soldadura.<\/p><p>Comprendemos la importancia de mantener los activos productivos operando eficientemente para las empresas.<\/p><p>Por esta raz\u00f3n, hemos formado un equipo competente y dedicado, preparado para atender estas necesidades y abordar los procesos de forma integral.<\/p>\t         \t\t<\/div>\n\t          <\/div>\n\t          \t        <\/div>\n\t    <\/div>\n\n\t\t\t\t\t\t<\/div>\n\t\t\t\t<\/div>\n\t\t\t\t\t<\/div>\n\t\t<\/div>\n\t\t\t\t\t<\/div>\n\t\t<\/section>\n\t\t\t\t<section class=\"elementor-section elementor-top-section elementor-element elementor-element-52f47f7 elementor-section-full_width elementor-section-height-default elementor-section-height-default\" data-id=\"52f47f7\" data-element_type=\"section\">\n\t\t\t\t\t\t<div class=\"elementor-container elementor-column-gap-no\">\n\t\t\t\t\t<div class=\"elementor-column elementor-col-100 elementor-top-column elementor-element elementor-element-48537e69\" data-id=\"48537e69\" data-element_type=\"column\">\n\t\t\t<div class=\"elementor-widget-wrap elementor-element-populated\">\n\t\t\t\t\t\t<div class=\"elementor-element elementor-element-5e6cad4f elementor-widget elementor-widget-quarty-services\" data-id=\"5e6cad4f\" data-element_type=\"widget\" data-widget_type=\"quarty-services.default\">\n\t\t\t\t<div class=\"elementor-widget-container\">\n\t\t\t\t\t\n\t\t<div class=\"qrt-section qrt-section-sf\">\n\t\t\t<div class=\"row\">\n\t\t\t                <div class=\"col-lg-12\">\n                <h3 class=\"qrt-mb-40 qrt-title-h\">\n                \t<span >\n\t\t          \t\tNuestros Servicios\t\t         \t<\/span>\n                <\/h3>\n              <\/div>\n              \n                                          <div class=\"col-lg-4 qrt-service-item\">\n                <div class=\"qrt-icon-box\">\n                                    <img decoding=\"async\" class=\"mb-20\" src=\"https:\/\/fullweldingservices.com\/nuevo\/wp-content\/uploads\/2024\/07\/FWS_logotipo_b_n.svg\" alt=\"Mantenimiento de Equipos\">\n                  \n                                    <h4 class=\"mb-20 qrt-service-title\">\n                  \t<span >\n\t\t        \t\tMantenimiento de Equipos\t\t        \t<\/span>\n                  <\/h4>\n                  \n                                    <div class=\"qrt-service-desc\">\t\n                  \t<div >\n\t\t        \t\tProveemos mantenimiento integral de equipos industriales: soldadura, corte por plasma, automatizaci\u00f3n, plantas el\u00e9ctricas, compresores, cortadoras, dobladoras, herramientas manuales, puentes gr\u00faas y calibraci\u00f3n de equipos de soldadura.\t\t          \t<\/div>\n\t\t          <\/div>\n                                  <\/div>\n              <\/div>\n                            <div class=\"col-lg-4 qrt-service-item\">\n                <div class=\"qrt-icon-box\">\n                                    <img decoding=\"async\" class=\"mb-20\" src=\"https:\/\/fullweldingservices.com\/nuevo\/wp-content\/uploads\/2024\/07\/FWS_logotipo_b_n.svg\" alt=\"Alquiler de Equipos\">\n                  \n                                    <h4 class=\"mb-20 qrt-service-title\">\n                  \t<span >\n\t\t        \t\tAlquiler de Equipos\t\t        \t<\/span>\n                  <\/h4>\n                  \n                                    <div class=\"qrt-service-desc\">\t\n                  \t<div >\n\t\t        \t\tAlquilamos equipos de soldadura y corte, incluyendo opciones avanzadas de corte por plasma y automatizaci\u00f3n, con asesor\u00eda t\u00e9cnica incluida para optimizar su uso.\t\t          \t<\/div>\n\t\t          <\/div>\n                                  <\/div>\n              <\/div>\n                            <div class=\"col-lg-4 qrt-service-item\">\n                <div class=\"qrt-icon-box\">\n                                    <img decoding=\"async\" class=\"mb-20\" src=\"https:\/\/fullweldingservices.com\/nuevo\/wp-content\/uploads\/2024\/07\/FWS_logotipo_b_n.svg\" alt=\"Venta de Equipos\">\n                  \n                                    <h4 class=\"mb-20 qrt-service-title\">\n                  \t<span >\n\t\t        \t\tVenta de Equipos\t\t        \t<\/span>\n                  <\/h4>\n                  \n                                    <div class=\"qrt-service-desc\">\t\n                  \t<div >\n\t\t        \t\tVendemos sistemas automatizados de corte y soldadura, junto con consumibles, accesorios y partes, con soporte t\u00e9cnico especializado para maximizar su productividad.\t\t          \t<\/div>\n\t\t          <\/div>\n                                  <\/div>\n              <\/div>\n                            <div class=\"col-lg-4 qrt-service-item\">\n                <div class=\"qrt-icon-box\">\n                                    <img decoding=\"async\" class=\"mb-20\" src=\"https:\/\/fullweldingservices.com\/nuevo\/wp-content\/uploads\/2024\/07\/FWS_logotipo_b_n.svg\" alt=\"Servicio de Mecanizado\">\n                  \n                                    <h4 class=\"mb-20 qrt-service-title\">\n                  \t<span >\n\t\t        \t\tServicio de Mecanizado\t\t        \t<\/span>\n                  <\/h4>\n                  \n                                    <div class=\"qrt-service-desc\">\t\n                  \t<div >\n\t\t        \t\tOfrecemos servicio de mecanizado con torno port\u00e1til para reparaciones y modificaciones precisas in situ, mejorando la eficiencia y reduciendo tiempos de inactividad.\t\t          \t<\/div>\n\t\t          <\/div>\n                                  <\/div>\n              <\/div>\n                                        <\/div>\n        <\/div>\n\n\t\t\t\t\t\t<\/div>\n\t\t\t\t<\/div>\n\t\t\t\t\t<\/div>\n\t\t<\/div>\n\t\t\t\t\t<\/div>\n\t\t<\/section>\n\t\t\t\t<section class=\"elementor-section elementor-top-section elementor-element elementor-element-0d96a76 elementor-section-full_width elementor-section-height-default elementor-section-height-default\" data-id=\"0d96a76\" data-element_type=\"section\">\n\t\t\t\t\t\t<div class=\"elementor-container elementor-column-gap-no\">\n\t\t\t\t\t<div class=\"elementor-column elementor-col-100 elementor-top-column elementor-element elementor-element-77873629\" data-id=\"77873629\" data-element_type=\"column\">\n\t\t\t<div class=\"elementor-widget-wrap elementor-element-populated\">\n\t\t\t\t\t\t<div class=\"elementor-element elementor-element-4bb2e965 elementor-widget elementor-widget-quarty-numbers\" data-id=\"4bb2e965\" data-element_type=\"widget\" data-widget_type=\"quarty-numbers.default\">\n\t\t\t\t<div class=\"elementor-widget-container\">\n\t\t\t\t\t\n\t\t\t\t<div class=\"qrt-section qrt-section-sf\">\n\t\t\t<div class=\"row\">\n\t          \t          <div class=\"col-lg-3 col-sm-6\">\n\n\t            <div class=\"qrt-counter-frame\">\n\t              <div class=\"qrt-counter-box\">\n\t                <span class=\"qrt-counter\">\n\t                \t<span >\n\t\t        \t\t\t8\t\t        \t\t<\/span>\n\t                <\/span>\n\t                \t\t        \t<span class=\"qrt-counter-plus\">+<\/span>\n\t\t    \t\t\t              <\/div>\n\t              <h5>\n\t              \t<span >\n\t        \t\t\tA\u00f1os de experiencia\t        \t\t<\/span>\n\t              <\/h5>\n\t            <\/div>\n\n\t          <\/div>\n\t          \t          <div class=\"col-lg-3 col-sm-6\">\n\n\t            <div class=\"qrt-counter-frame\">\n\t              <div class=\"qrt-counter-box\">\n\t                <span class=\"qrt-counter\">\n\t                \t<span >\n\t\t        \t\t\t143\t\t        \t\t<\/span>\n\t                <\/span>\n\t                \t              <\/div>\n\t              <h5>\n\t              \t<span >\n\t        \t\t\tProyectos completados\t        \t\t<\/span>\n\t              <\/h5>\n\t            <\/div>\n\n\t          <\/div>\n\t          \t          <div class=\"col-lg-3 col-sm-6\">\n\n\t            <div class=\"qrt-counter-frame\">\n\t              <div class=\"qrt-counter-box\">\n\t                <span class=\"qrt-counter\">\n\t                \t<span >\n\t\t        \t\t\t114\t\t        \t\t<\/span>\n\t                <\/span>\n\t                \t              <\/div>\n\t              <h5>\n\t              \t<span >\n\t        \t\t\tClientes felices\t        \t\t<\/span>\n\t              <\/h5>\n\t            <\/div>\n\n\t          <\/div>\n\t          \t        <\/div>\n\t    <\/div>\n\t    \n\t\t\t\t\t\t<\/div>\n\t\t\t\t<\/div>\n\t\t\t\t\t<\/div>\n\t\t<\/div>\n\t\t\t\t\t<\/div>\n\t\t<\/section>\n\t\t\t\t<section class=\"elementor-section elementor-top-section elementor-element elementor-element-694e1416 elementor-section-full_width elementor-section-height-default elementor-section-height-default\" data-id=\"694e1416\" data-element_type=\"section\">\n\t\t\t\t\t\t<div class=\"elementor-container elementor-column-gap-no\">\n\t\t\t\t\t<div class=\"elementor-column elementor-col-100 elementor-top-column elementor-element elementor-element-496e6c24\" data-id=\"496e6c24\" data-element_type=\"column\">\n\t\t\t<div class=\"elementor-widget-wrap elementor-element-populated\">\n\t\t\t\t\t\t<div class=\"elementor-element elementor-element-21404fd0 elementor-widget elementor-widget-quarty-team\" data-id=\"21404fd0\" data-element_type=\"widget\" data-widget_type=\"quarty-team.default\">\n\t\t\t\t<div class=\"elementor-widget-container\">\n\t\t\t\t\t\n\t\t<div class=\"qrt-section qrt-section-sf\">\n\t\t\t<div class=\"row\">\n                            <div class=\"col-lg-12\">\n                <h3 class=\"qrt-title-h qrt-mb-40\">\n            \t\t<span >\n\t\t          \t\tNuestro Staff\t\t         \t<\/span>\n            \t<\/h3>\n              <\/div>\n              \n                          <\/div>\n        <\/div>\n\n\t\t\t\t\t\t<\/div>\n\t\t\t\t<\/div>\n\t\t\t\t<div class=\"elementor-element elementor-element-42c715ce elementor-widget elementor-widget-quarty-project-image-gallery\" data-id=\"42c715ce\" data-element_type=\"widget\" data-widget_type=\"quarty-project-image-gallery.default\">\n\t\t\t\t<div class=\"elementor-widget-container\">\n\t\t\t\t\t\n\t\t<div class=\"qrt-section qrt-section-wb\">\n\n\t\t\n\t\t\t\t<div class=\"qrt-masonry-grid qrt-grid-masonry qrt-masonry-grid-single\">\n          <div class=\"qrt-grid-sizer\"><\/div>\n                              <div class=\"qrt-masonry-grid-item qrt-masonry-grid-item-50 qrt-masonry-grid-item-100\">\n            <div class=\"qrt-work-item\">\n            \t<a data-magnific-gallery data-elementor-lightbox-slideshow=\"gallery\" data-no-swup href=\"https:\/\/fullweldingservices.com\/nuevo\/wp-content\/uploads\/2024\/11\/Staff-FWS_baja.webp\" class=\"qrt-cursor-scale qrt-work-cover-frame\">\n            \t\t<img decoding=\"async\" src=\"https:\/\/fullweldingservices.com\/nuevo\/wp-content\/uploads\/2024\/11\/Staff-FWS_baja-950x597.webp\" alt=\"Enter name\">\n                \t<div class=\"qrt-item-zoom qrt-cursor-color\"><i class=\"fas fa-expand\"><\/i><\/div>\n              \t<\/a>\n            <\/div>\n          <\/div>\n                            <\/div>\n        \n    \t<\/div>\n\n\t\t\t\t\t\t<\/div>\n\t\t\t\t<\/div>\n\t\t\t\t\t<\/div>\n\t\t<\/div>\n\t\t\t\t\t<\/div>\n\t\t<\/section>\n\t\t\t\t<section class=\"elementor-section elementor-top-section elementor-element elementor-element-aa38a97 elementor-section-full_width elementor-section-height-default elementor-section-height-default\" data-id=\"aa38a97\" data-element_type=\"section\">\n\t\t\t\t\t\t<div class=\"elementor-container elementor-column-gap-no\">\n\t\t\t\t\t<div class=\"elementor-column elementor-col-100 elementor-top-column elementor-element elementor-element-9d70e0a\" data-id=\"9d70e0a\" data-element_type=\"column\">\n\t\t\t<div class=\"elementor-widget-wrap\">\n\t\t\t\t\t\t\t<\/div>\n\t\t<\/div>\n\t\t\t\t\t<\/div>\n\t\t<\/section>\n\t\t\t\t<section class=\"elementor-section elementor-top-section elementor-element elementor-element-2a04936a elementor-section-full_width elementor-section-height-default elementor-section-height-default\" data-id=\"2a04936a\" data-element_type=\"section\">\n\t\t\t\t\t\t<div class=\"elementor-container elementor-column-gap-no\">\n\t\t\t\t\t<div class=\"elementor-column elementor-col-100 elementor-top-column elementor-element elementor-element-714c9d22\" data-id=\"714c9d22\" data-element_type=\"column\">\n\t\t\t<div class=\"elementor-widget-wrap elementor-element-populated\">\n\t\t\t\t\t\t<div class=\"elementor-element elementor-element-587d6862 elementor-widget elementor-widget-quarty-team\" data-id=\"587d6862\" data-element_type=\"widget\" data-widget_type=\"quarty-team.default\">\n\t\t\t\t<div class=\"elementor-widget-container\">\n\t\t\t\t\t\n\t\t<div class=\"qrt-section qrt-section-sf\">\n\t\t\t<div class=\"row\">\n                            <div class=\"col-lg-12\">\n                <h3 class=\"qrt-title-h qrt-mb-40\">\n            \t\t<span >\n\t\t          \t\tCasas que nos respaldan\t\t         \t<\/span>\n            \t<\/h3>\n              <\/div>\n              \n                          <\/div>\n        <\/div>\n\n\t\t\t\t\t\t<\/div>\n\t\t\t\t<\/div>\n\t\t\t\t<div class=\"elementor-element elementor-element-658b6383 elementor-widget elementor-widget-quarty-clients\" data-id=\"658b6383\" data-element_type=\"widget\" data-widget_type=\"quarty-clients.default\">\n\t\t\t\t<div class=\"elementor-widget-container\">\n\t\t\t\t\t\n\t\t<div class=\"qrt-section\">\n\t\t\t\t<div class=\"row\">\n          <div class=\"col-lg-12\">\n\n            <div class=\"swiper-container qrt-brands-slider\" style=\"overflow: visible\">\n              <div class=\"swiper-wrapper\">\n                                                <div class=\"swiper-slide\">\n                  \t\t\t\t  <a  href=\"\">\n\t\t\t\t                    <img decoding=\"async\" src=\"https:\/\/fullweldingservices.com\/nuevo\/wp-content\/uploads\/2024\/11\/Casas-que-nos-respaldan_Lincoln-Electric-256x84.webp\" alt=\"Brand 1\">\n                  \t\t\t\t  <\/a>\n\t\t\t\t                  <\/div>\n                                                                <div class=\"swiper-slide\">\n                  \t\t\t\t  <a  href=\"\">\n\t\t\t\t                    <img decoding=\"async\" src=\"https:\/\/fullweldingservices.com\/nuevo\/wp-content\/uploads\/2024\/11\/Casas-que-nos-respaldan_ESAB.webp\" alt=\"Brand 2\">\n                  \t\t\t\t  <\/a>\n\t\t\t\t                  <\/div>\n                                                                <div class=\"swiper-slide\">\n                  \t\t\t\t  <a  href=\"\">\n\t\t\t\t                    <img decoding=\"async\" src=\"https:\/\/fullweldingservices.com\/nuevo\/wp-content\/uploads\/2024\/11\/Casas-que-nos-respaldan_Miller-256x104.webp\" alt=\"Brand 3\">\n                  \t\t\t\t  <\/a>\n\t\t\t\t                  <\/div>\n                                                                <div class=\"swiper-slide\">\n                  \t\t\t\t  <a  href=\"\">\n\t\t\t\t                    <img decoding=\"async\" src=\"https:\/\/fullweldingservices.com\/nuevo\/wp-content\/uploads\/2024\/11\/Casas-que-nos-respaldan_Proweld.webp\" alt=\"Brand 4\">\n                  \t\t\t\t  <\/a>\n\t\t\t\t                  <\/div>\n                                                                <div class=\"swiper-slide\">\n                  \t\t\t\t  <a  href=\"\">\n\t\t\t\t                    <img decoding=\"async\" src=\"https:\/\/fullweldingservices.com\/nuevo\/wp-content\/uploads\/2024\/11\/Casas-que-nos-respaldan_Metabo.webp\" alt=\"Brand 5\">\n                  \t\t\t\t  <\/a>\n\t\t\t\t                  <\/div>\n                                              <\/div>\n            <\/div>\n\n          <\/div>\n        <\/div>\n            \t<\/div>\n\n\t\t\t\t\t\t<\/div>\n\t\t\t\t<\/div>\n\t\t\t\t<div class=\"elementor-element elementor-element-b42eaf0 elementor-widget elementor-widget-quarty-cta\" data-id=\"b42eaf0\" data-element_type=\"widget\" data-widget_type=\"quarty-cta.default\">\n\t\t\t\t<div class=\"elementor-widget-container\">\n\t\t\t\t\t\n\t\t<div class=\"row\">\n          <div class=\"col-lg-12\">\n            <div class=\"qrt-call-to-action\">\n                            <h4>\n              \t<span >\n\t          \t\t\u00bfTienes un proyecto?\t        \t<\/span>\n              <\/h4>\n                                          <a href=\"\/nuevo\/contactanos\/\" class=\"qrt-btn qrt-btn-sm qrt-btn-color qrt-cursor-scale qrt-anima-link\">\n              \t<span >\n\t          \t\tConversemos\t        \t<\/span>\n              <\/a>\n                          <\/div>\n          <\/div>\n        <\/div>\n\n\t\t\t\t\t\t<\/div>\n\t\t\t\t<\/div>\n\t\t\t\t\t<\/div>\n\t\t<\/div>\n\t\t\t\t\t<\/div>\n\t\t<\/section>\n\t\t\t\t<\/div>\n\t\t","protected":false},"excerpt":{"rendered":"<p>Pa\u00eds: Colombia Ciudad: Barranquilla Fundaci\u00f3n Mayo, 2016 Expertos en Mantenimiento Industrial y Soluciones de Soldadura con M\u00e1s de 8 A\u00f1os&#8230; <span class=\"qrt-el-more\"><a href=\"https:\/\/fullweldingservices.com\/nuevo\/nosotros\/\" class=\"qrt-link qrt-color-link qrt-cursor-scale qrt-w-chevron\">Read more<\/a><\/span><\/p>\n","protected":false},"author":1,"featured_media":0,"parent":0,"menu_order":0,"comment_status":"closed","ping_status":"closed","template":"template-layout-builder.php","meta":{"footnotes":""},"class_list":["post-2087","page","type-page","status-publish","hentry"],"_links":{"self":[{"href":"https:\/\/fullweldingservices.com\/nuevo\/wp-json\/wp\/v2\/pages\/2087","targetHints":{"allow":["GET"]}}],"collection":[{"href":"https:\/\/fullweldingservices.com\/nuevo\/wp-json\/wp\/v2\/pages"}],"about":[{"href":"https:\/\/fullweldingservices.com\/nuevo\/wp-json\/wp\/v2\/types\/page"}],"author":[{"embeddable":true,"href":"https:\/\/fullweldingservices.com\/nuevo\/wp-json\/wp\/v2\/users\/1"}],"replies":[{"embeddable":true,"href":"https:\/\/fullweldingservices.com\/nuevo\/wp-json\/wp\/v2\/comments?post=2087"}],"version-history":[{"count":62,"href":"https:\/\/fullweldingservices.com\/nuevo\/wp-json\/wp\/v2\/pages\/2087\/revisions"}],"predecessor-version":[{"id":2636,"href":"https:\/\/fullweldingservices.com\/nuevo\/wp-json\/wp\/v2\/pages\/2087\/revisions\/2636"}],"wp:attachment":[{"href":"https:\/\/fullweldingservices.com\/nuevo\/wp-json\/wp\/v2\/media?parent=2087"}],"curies":[{"name":"wp","href":"https:\/\/api.w.org\/{rel}","templated":true}]}}